{"id":104,"date":"2021-04-13T19:51:42","date_gmt":"2021-04-13T19:51:42","guid":{"rendered":"http:\/\/clinicahortoflorestal.com.br\/?page_id=104"},"modified":"2023-12-13T18:21:49","modified_gmt":"2023-12-13T18:21:49","slug":"profissionais","status":"publish","type":"page","link":"https:\/\/casaderepousonohorto.com.br\/index.php\/profissionais\/","title":{"rendered":"Profissionais"},"content":{"rendered":"\t\t<div data-elementor-type=\"wp-page\" data-elementor-id=\"104\" class=\"elementor elementor-104\">\n\t\t\t\t\t\t<section class=\"elementor-section elementor-top-section elementor-element elementor-element-e39ea04 elementor-section-boxed elementor-section-height-default elementor-section-height-default wpr-particle-no wpr-jarallax-no wpr-parallax-no wpr-sticky-section-no\" data-id=\"e39ea04\" data-element_type=\"section\">\n\t\t\t\t\t\t<div class=\"elementor-container elementor-column-gap-default\">\n\t\t\t\t\t<div class=\"elementor-column elementor-col-100 elementor-top-column elementor-element elementor-element-4e6ffa8\" data-id=\"4e6ffa8\" data-element_type=\"column\">\n\t\t\t<div class=\"elementor-widget-wrap elementor-element-populated\">\n\t\t\t\t\t\t<section class=\"elementor-section elementor-inner-section elementor-element elementor-element-c1c5f9b elementor-section-boxed elementor-section-height-default elementor-section-height-default wpr-particle-no wpr-jarallax-no wpr-parallax-no wpr-sticky-section-no\" data-id=\"c1c5f9b\" data-element_type=\"section\">\n\t\t\t\t\t\t<div class=\"elementor-container elementor-column-gap-default\">\n\t\t\t\t\t<div class=\"elementor-column elementor-col-33 elementor-inner-column elementor-element elementor-element-25cbdf6\" data-id=\"25cbdf6\" data-element_type=\"column\">\n\t\t\t<div class=\"elementor-widget-wrap\">\n\t\t\t\t\t\t\t<\/div>\n\t\t<\/div>\n\t\t\t\t<div class=\"elementor-column elementor-col-33 elementor-inner-column elementor-element elementor-element-bd82348\" data-id=\"bd82348\" data-element_type=\"column\">\n\t\t\t<div class=\"elementor-widget-wrap elementor-element-populated\">\n\t\t\t\t\t\t<div class=\"elementor-element elementor-element-4b46466 elementor-widget elementor-widget-heading\" data-id=\"4b46466\" data-element_type=\"widget\" data-widget_type=\"heading.default\">\n\t\t\t\t<div class=\"elementor-widget-container\">\n\t\t\t\t\t<h2 class=\"elementor-heading-title elementor-size-default\">Profissionais<\/h2>\t\t\t\t<\/div>\n\t\t\t\t<\/div>\n\t\t\t\t<div class=\"elementor-element elementor-element-23491c4 elementor-widget elementor-widget-text-editor\" data-id=\"23491c4\" data-element_type=\"widget\" data-widget_type=\"text-editor.default\">\n\t\t\t\t<div class=\"elementor-widget-container\">\n\t\t\t\t\t\t\t\t\t<p>Equipe de apoio m\u00e9dico, de enfermagem, de fisioterapia, de psicologia e de nutri\u00e7\u00e3o asseguram a tranquilidade dos residentes.<\/p>\t\t\t\t\t\t\t\t<\/div>\n\t\t\t\t<\/div>\n\t\t\t\t\t<\/div>\n\t\t<\/div>\n\t\t\t\t<div class=\"elementor-column elementor-col-33 elementor-inner-column elementor-element elementor-element-00e2130\" data-id=\"00e2130\" data-element_type=\"column\">\n\t\t\t<div class=\"elementor-widget-wrap\">\n\t\t\t\t\t\t\t<\/div>\n\t\t<\/div>\n\t\t\t\t\t<\/div>\n\t\t<\/section>\n\t\t\t\t<section class=\"elementor-section elementor-inner-section elementor-element elementor-element-9a85937 elementor-section-boxed elementor-section-height-default elementor-section-height-default wpr-particle-no wpr-jarallax-no wpr-parallax-no wpr-sticky-section-no\" data-id=\"9a85937\" data-element_type=\"section\">\n\t\t\t\t\t\t<div class=\"elementor-container elementor-column-gap-default\">\n\t\t\t\t\t<div class=\"elementor-column elementor-col-33 elementor-inner-column elementor-element elementor-element-e93a4ea\" data-id=\"e93a4ea\" data-element_type=\"column\">\n\t\t\t<div class=\"elementor-widget-wrap elementor-element-populated\">\n\t\t\t\t\t\t<div class=\"elementor-element elementor-element-9838039 elementor-widget elementor-widget-image\" data-id=\"9838039\" data-element_type=\"widget\" data-widget_type=\"image.default\">\n\t\t\t\t<div class=\"elementor-widget-container\">\n\t\t\t\t\t\t\t\t\t\t\t\t\t\t\t<img fetchpriority=\"high\" decoding=\"async\" width=\"960\" height=\"1280\" src=\"https:\/\/casaderepousonohorto.com.br\/wp-content\/uploads\/2021\/04\/WhatsApp-Image-2021-04-12-at-10.34.17.jpeg\" class=\"attachment-full size-full wp-image-59\" alt=\"\" srcset=\"https:\/\/casaderepousonohorto.com.br\/wp-content\/uploads\/2021\/04\/WhatsApp-Image-2021-04-12-at-10.34.17.jpeg 960w, https:\/\/casaderepousonohorto.com.br\/wp-content\/uploads\/2021\/04\/WhatsApp-Image-2021-04-12-at-10.34.17-225x300.jpeg 225w, https:\/\/casaderepousonohorto.com.br\/wp-content\/uploads\/2021\/04\/WhatsApp-Image-2021-04-12-at-10.34.17-768x1024.jpeg 768w\" sizes=\"(max-width: 960px) 100vw, 960px\" \/>\t\t\t\t\t\t\t\t\t\t\t\t\t\t\t<\/div>\n\t\t\t\t<\/div>\n\t\t\t\t\t<\/div>\n\t\t<\/div>\n\t\t\t\t<div class=\"elementor-column elementor-col-33 elementor-inner-column elementor-element elementor-element-d03ff74\" data-id=\"d03ff74\" data-element_type=\"column\">\n\t\t\t<div class=\"elementor-widget-wrap elementor-element-populated\">\n\t\t\t\t\t\t<div class=\"elementor-element elementor-element-54b1ca9 elementor-widget elementor-widget-image\" data-id=\"54b1ca9\" data-element_type=\"widget\" data-widget_type=\"image.default\">\n\t\t\t\t<div class=\"elementor-widget-container\">\n\t\t\t\t\t\t\t\t\t\t\t\t\t\t\t<img decoding=\"async\" width=\"768\" height=\"1024\" src=\"https:\/\/casaderepousonohorto.com.br\/wp-content\/uploads\/2021\/04\/WhatsApp-Image-2021-04-12-at-10.34.16-2-768x1024.jpeg\" class=\"attachment-large size-large wp-image-57\" alt=\"\" srcset=\"https:\/\/casaderepousonohorto.com.br\/wp-content\/uploads\/2021\/04\/WhatsApp-Image-2021-04-12-at-10.34.16-2-768x1024.jpeg 768w, https:\/\/casaderepousonohorto.com.br\/wp-content\/uploads\/2021\/04\/WhatsApp-Image-2021-04-12-at-10.34.16-2-225x300.jpeg 225w, https:\/\/casaderepousonohorto.com.br\/wp-content\/uploads\/2021\/04\/WhatsApp-Image-2021-04-12-at-10.34.16-2.jpeg 960w\" sizes=\"(max-width: 768px) 100vw, 768px\" \/>\t\t\t\t\t\t\t\t\t\t\t\t\t\t\t<\/div>\n\t\t\t\t<\/div>\n\t\t\t\t\t<\/div>\n\t\t<\/div>\n\t\t\t\t<div class=\"elementor-column elementor-col-33 elementor-inner-column elementor-element elementor-element-e65cd49\" data-id=\"e65cd49\" data-element_type=\"column\">\n\t\t\t<div class=\"elementor-widget-wrap elementor-element-populated\">\n\t\t\t\t\t\t<div class=\"elementor-element elementor-element-81420ae elementor-widget elementor-widget-image\" data-id=\"81420ae\" data-element_type=\"widget\" data-widget_type=\"image.default\">\n\t\t\t\t<div class=\"elementor-widget-container\">\n\t\t\t\t\t\t\t\t\t\t\t\t\t\t\t<img decoding=\"async\" width=\"768\" height=\"1024\" src=\"https:\/\/casaderepousonohorto.com.br\/wp-content\/uploads\/2021\/04\/WhatsApp-Image-2021-04-12-at-10.34.18-2-768x1024.jpeg\" class=\"attachment-large size-large wp-image-65\" alt=\"\" srcset=\"https:\/\/casaderepousonohorto.com.br\/wp-content\/uploads\/2021\/04\/WhatsApp-Image-2021-04-12-at-10.34.18-2-768x1024.jpeg 768w, https:\/\/casaderepousonohorto.com.br\/wp-content\/uploads\/2021\/04\/WhatsApp-Image-2021-04-12-at-10.34.18-2-225x300.jpeg 225w, https:\/\/casaderepousonohorto.com.br\/wp-content\/uploads\/2021\/04\/WhatsApp-Image-2021-04-12-at-10.34.18-2.jpeg 960w\" sizes=\"(max-width: 768px) 100vw, 768px\" \/>\t\t\t\t\t\t\t\t\t\t\t\t\t\t\t<\/div>\n\t\t\t\t<\/div>\n\t\t\t\t\t<\/div>\n\t\t<\/div>\n\t\t\t\t\t<\/div>\n\t\t<\/section>\n\t\t\t\t<section class=\"elementor-section elementor-inner-section elementor-element elementor-element-ff43400 elementor-section-boxed elementor-section-height-default elementor-section-height-default wpr-particle-no wpr-jarallax-no wpr-parallax-no wpr-sticky-section-no\" data-id=\"ff43400\" data-element_type=\"section\">\n\t\t\t\t\t\t<div class=\"elementor-container elementor-column-gap-default\">\n\t\t\t\t\t<div class=\"elementor-column elementor-col-33 elementor-inner-column elementor-element elementor-element-2fe2b56\" data-id=\"2fe2b56\" data-element_type=\"column\">\n\t\t\t<div class=\"elementor-widget-wrap elementor-element-populated\">\n\t\t\t\t\t\t<div class=\"elementor-element elementor-element-352b365 elementor-widget elementor-widget-image\" data-id=\"352b365\" data-element_type=\"widget\" data-widget_type=\"image.default\">\n\t\t\t\t<div class=\"elementor-widget-container\">\n\t\t\t\t\t\t\t\t\t\t\t\t\t\t\t<img loading=\"lazy\" decoding=\"async\" width=\"720\" height=\"1280\" src=\"https:\/\/casaderepousonohorto.com.br\/wp-content\/uploads\/2022\/10\/WhatsApp-Image-2022-10-22-at-12.13.23.jpeg\" class=\"attachment-full size-full wp-image-1314\" alt=\"\" srcset=\"https:\/\/casaderepousonohorto.com.br\/wp-content\/uploads\/2022\/10\/WhatsApp-Image-2022-10-22-at-12.13.23.jpeg 720w, https:\/\/casaderepousonohorto.com.br\/wp-content\/uploads\/2022\/10\/WhatsApp-Image-2022-10-22-at-12.13.23-169x300.jpeg 169w, https:\/\/casaderepousonohorto.com.br\/wp-content\/uploads\/2022\/10\/WhatsApp-Image-2022-10-22-at-12.13.23-576x1024.jpeg 576w\" sizes=\"(max-width: 720px) 100vw, 720px\" \/>\t\t\t\t\t\t\t\t\t\t\t\t\t\t\t<\/div>\n\t\t\t\t<\/div>\n\t\t\t\t\t<\/div>\n\t\t<\/div>\n\t\t\t\t<div class=\"elementor-column elementor-col-33 elementor-inner-column elementor-element elementor-element-ad49217\" data-id=\"ad49217\" data-element_type=\"column\">\n\t\t\t<div class=\"elementor-widget-wrap elementor-element-populated\">\n\t\t\t\t\t\t<div class=\"elementor-element elementor-element-c96f95a elementor-widget elementor-widget-video\" data-id=\"c96f95a\" data-element_type=\"widget\" data-settings=\"{&quot;video_type&quot;:&quot;vimeo&quot;}\" data-widget_type=\"video.default\">\n\t\t\t\t<div class=\"elementor-widget-container\">\n\t\t\t\t\t\t\t<div class=\"elementor-wrapper elementor-open-inline\">\n\t\t\t<iframe class=\"elementor-video-iframe\" allowfullscreen allow=\"clipboard-write\" title=\"Reprodutor de v\u00eddeo vimeo\" src=\"https:\/\/player.vimeo.com\/video\/763481748?color&amp;autopause=0&amp;loop=0&amp;muted=0&amp;title=1&amp;portrait=1&amp;byline=1#t=\"><\/iframe>\t\t<\/div>\n\t\t\t\t\t\t<\/div>\n\t\t\t\t<\/div>\n\t\t\t\t\t<\/div>\n\t\t<\/div>\n\t\t\t\t<div class=\"elementor-column elementor-col-33 elementor-inner-column elementor-element elementor-element-449128b\" data-id=\"449128b\" data-element_type=\"column\">\n\t\t\t<div class=\"elementor-widget-wrap elementor-element-populated\">\n\t\t\t\t\t\t<div class=\"elementor-element elementor-element-3f9ca69 elementor-widget elementor-widget-image\" data-id=\"3f9ca69\" data-element_type=\"widget\" data-widget_type=\"image.default\">\n\t\t\t\t<div class=\"elementor-widget-container\">\n\t\t\t\t\t\t\t\t\t\t\t\t\t\t\t<img loading=\"lazy\" decoding=\"async\" width=\"1280\" height=\"960\" src=\"https:\/\/casaderepousonohorto.com.br\/wp-content\/uploads\/2022\/10\/WhatsApp-Image-2022-10-22-at-12.13.23-1.jpeg\" class=\"attachment-full size-full wp-image-1315\" alt=\"\" srcset=\"https:\/\/casaderepousonohorto.com.br\/wp-content\/uploads\/2022\/10\/WhatsApp-Image-2022-10-22-at-12.13.23-1.jpeg 1280w, https:\/\/casaderepousonohorto.com.br\/wp-content\/uploads\/2022\/10\/WhatsApp-Image-2022-10-22-at-12.13.23-1-300x225.jpeg 300w, https:\/\/casaderepousonohorto.com.br\/wp-content\/uploads\/2022\/10\/WhatsApp-Image-2022-10-22-at-12.13.23-1-1024x768.jpeg 1024w, https:\/\/casaderepousonohorto.com.br\/wp-content\/uploads\/2022\/10\/WhatsApp-Image-2022-10-22-at-12.13.23-1-768x576.jpeg 768w\" sizes=\"(max-width: 1280px) 100vw, 1280px\" \/>\t\t\t\t\t\t\t\t\t\t\t\t\t\t\t<\/div>\n\t\t\t\t<\/div>\n\t\t\t\t\t<\/div>\n\t\t<\/div>\n\t\t\t\t\t<\/div>\n\t\t<\/section>\n\t\t\t\t\t<\/div>\n\t\t<\/div>\n\t\t\t\t\t<\/div>\n\t\t<\/section>\n\t\t\t\t<\/div>\n\t\t","protected":false},"excerpt":{"rendered":"<p>Profissionais Equipe de apoio m\u00e9dico, de enfermagem, de fisioterapia, de psicologia e de nutri\u00e7\u00e3o asseguram a tranquilidade dos residentes.<\/p>\n","protected":false},"author":1,"featured_media":0,"parent":0,"menu_order":0,"comment_status":"closed","ping_status":"closed","template":"elementor_header_footer","meta":{"_joinchat":[],"footnotes":""},"class_list":["post-104","page","type-page","status-publish","hentry"],"_links":{"self":[{"href":"https:\/\/casaderepousonohorto.com.br\/index.php\/wp-json\/wp\/v2\/pages\/104","targetHints":{"allow":["GET"]}}],"collection":[{"href":"https:\/\/casaderepousonohorto.com.br\/index.php\/wp-json\/wp\/v2\/pages"}],"about":[{"href":"https:\/\/casaderepousonohorto.com.br\/index.php\/wp-json\/wp\/v2\/types\/page"}],"author":[{"embeddable":true,"href":"https:\/\/casaderepousonohorto.com.br\/index.php\/wp-json\/wp\/v2\/users\/1"}],"replies":[{"embeddable":true,"href":"https:\/\/casaderepousonohorto.com.br\/index.php\/wp-json\/wp\/v2\/comments?post=104"}],"version-history":[{"count":3,"href":"https:\/\/casaderepousonohorto.com.br\/index.php\/wp-json\/wp\/v2\/pages\/104\/revisions"}],"predecessor-version":[{"id":1565,"href":"https:\/\/casaderepousonohorto.com.br\/index.php\/wp-json\/wp\/v2\/pages\/104\/revisions\/1565"}],"wp:attachment":[{"href":"https:\/\/casaderepousonohorto.com.br\/index.php\/wp-json\/wp\/v2\/media?parent=104"}],"curies":[{"name":"wp","href":"https:\/\/api.w.org\/{rel}","templated":true}]}}