{"id":892,"date":"2022-02-02T18:35:35","date_gmt":"2022-02-02T18:35:35","guid":{"rendered":"http:\/\/clinicahortoflorestal.com.br\/?page_id=892"},"modified":"2023-12-14T15:06:55","modified_gmt":"2023-12-14T15:06:55","slug":"aniversariantes-do-mes-2022","status":"publish","type":"page","link":"https:\/\/casaderepousonohorto.com.br\/index.php\/aniversariantes-do-mes-2022\/","title":{"rendered":"Aniversariantes de 2022"},"content":{"rendered":"\t\t<div data-elementor-type=\"wp-page\" data-elementor-id=\"892\" class=\"elementor elementor-892\">\n\t\t\t\t\t\t<section class=\"elementor-section elementor-top-section elementor-element elementor-element-9269551 elementor-section-boxed elementor-section-height-default elementor-section-height-default wpr-particle-no wpr-jarallax-no wpr-parallax-no wpr-sticky-section-no\" data-id=\"9269551\" data-element_type=\"section\">\n\t\t\t\t\t\t<div class=\"elementor-container elementor-column-gap-default\">\n\t\t\t\t\t<div class=\"elementor-column elementor-col-100 elementor-top-column elementor-element elementor-element-b37a151\" data-id=\"b37a151\" data-element_type=\"column\">\n\t\t\t<div class=\"elementor-widget-wrap elementor-element-populated\">\n\t\t\t\t\t\t<div class=\"elementor-element elementor-element-524f14e elementor-widget elementor-widget-heading\" data-id=\"524f14e\" data-element_type=\"widget\" data-widget_type=\"heading.default\">\n\t\t\t\t<div class=\"elementor-widget-container\">\n\t\t\t\t\t<h2 class=\"elementor-heading-title elementor-size-default\">Aniversariantes de 2022<\/h2>\t\t\t\t<\/div>\n\t\t\t\t<\/div>\n\t\t\t\t\t<\/div>\n\t\t<\/div>\n\t\t\t\t\t<\/div>\n\t\t<\/section>\n\t\t\t\t<section class=\"elementor-section elementor-top-section elementor-element elementor-element-41cc935 elementor-section-boxed elementor-section-height-default elementor-section-height-default wpr-particle-no wpr-jarallax-no wpr-parallax-no wpr-sticky-section-no\" data-id=\"41cc935\" data-element_type=\"section\">\n\t\t\t\t\t\t<div class=\"elementor-container elementor-column-gap-default\">\n\t\t\t\t\t<div class=\"elementor-column elementor-col-50 elementor-top-column elementor-element elementor-element-7b5d0d9\" data-id=\"7b5d0d9\" data-element_type=\"column\">\n\t\t\t<div class=\"elementor-widget-wrap elementor-element-populated\">\n\t\t\t\t\t\t<div class=\"elementor-element elementor-element-0549387 elementor-position-top elementor-widget elementor-widget-image-box\" data-id=\"0549387\" data-element_type=\"widget\" data-widget_type=\"image-box.default\">\n\t\t\t\t<div class=\"elementor-widget-container\">\n\t\t\t\t\t<div class=\"elementor-image-box-wrapper\"><figure class=\"elementor-image-box-img\"><a href=\"https:\/\/casaderepousonohorto.com.br\/index.php\/aniversariantes-do-mes-de-janeiro\/\" tabindex=\"-1\"><img decoding=\"async\" src=\"https:\/\/casaderepousonohorto.com.br\/wp-content\/uploads\/2022\/02\/WhatsApp-Image-2022-02-01-at-14.20.41-2.jpeg\" title=\"WhatsApp Image 2022-02-01 at 14.20.41\" alt=\"WhatsApp Image 2022-02-01 at 14.20.41\" loading=\"lazy\" \/><\/a><\/figure><div class=\"elementor-image-box-content\"><h3 class=\"elementor-image-box-title\"><a href=\"https:\/\/casaderepousonohorto.com.br\/index.php\/aniversariantes-do-mes-de-janeiro\/\">Aniversariantes do M\u00eas de Janeiro<\/a><\/h3><\/div><\/div>\t\t\t\t<\/div>\n\t\t\t\t<\/div>\n\t\t\t\t\t<\/div>\n\t\t<\/div>\n\t\t\t\t<div class=\"elementor-column elementor-col-50 elementor-top-column elementor-element elementor-element-f0e3991\" data-id=\"f0e3991\" data-element_type=\"column\">\n\t\t\t<div class=\"elementor-widget-wrap elementor-element-populated\">\n\t\t\t\t\t\t<div class=\"elementor-element elementor-element-ed095e0 elementor-position-top elementor-widget elementor-widget-image-box\" data-id=\"ed095e0\" data-element_type=\"widget\" data-widget_type=\"image-box.default\">\n\t\t\t\t<div class=\"elementor-widget-container\">\n\t\t\t\t\t<div class=\"elementor-image-box-wrapper\"><figure class=\"elementor-image-box-img\"><a href=\"https:\/\/casaderepousonohorto.com.br\/index.php\/aniversariantes-do-mes-de-fevereiro\/\" tabindex=\"-1\"><img decoding=\"async\" src=\"https:\/\/casaderepousonohorto.com.br\/wp-content\/uploads\/2022\/03\/WhatsApp-Image-2022-03-01-at-22.12.44-3.jpeg\" title=\"WhatsApp Image 2022-03-01 at 22.12.44 (3)\" alt=\"WhatsApp Image 2022-03-01 at 22.12.44 (3)\" loading=\"lazy\" \/><\/a><\/figure><div class=\"elementor-image-box-content\"><h3 class=\"elementor-image-box-title\"><a href=\"https:\/\/casaderepousonohorto.com.br\/index.php\/aniversariantes-do-mes-de-fevereiro\/\">Aniversariantes do M\u00eas de Fevereiro<\/a><\/h3><\/div><\/div>\t\t\t\t<\/div>\n\t\t\t\t<\/div>\n\t\t\t\t\t<\/div>\n\t\t<\/div>\n\t\t\t\t\t<\/div>\n\t\t<\/section>\n\t\t\t\t<section class=\"elementor-section elementor-top-section elementor-element elementor-element-a0768a5 elementor-section-boxed elementor-section-height-default elementor-section-height-default wpr-particle-no wpr-jarallax-no wpr-parallax-no wpr-sticky-section-no\" data-id=\"a0768a5\" data-element_type=\"section\">\n\t\t\t\t\t\t<div class=\"elementor-container elementor-column-gap-default\">\n\t\t\t\t\t<div class=\"elementor-column elementor-col-50 elementor-top-column elementor-element elementor-element-c00038b\" data-id=\"c00038b\" data-element_type=\"column\">\n\t\t\t<div class=\"elementor-widget-wrap elementor-element-populated\">\n\t\t\t\t\t\t<div class=\"elementor-element elementor-element-59665a7 elementor-position-top elementor-widget elementor-widget-image-box\" data-id=\"59665a7\" data-element_type=\"widget\" data-widget_type=\"image-box.default\">\n\t\t\t\t<div class=\"elementor-widget-container\">\n\t\t\t\t\t<div class=\"elementor-image-box-wrapper\"><figure class=\"elementor-image-box-img\"><a href=\"https:\/\/casaderepousonohorto.com.br\/index.php\/aniversariantes-do-mes-de-marco\/\" tabindex=\"-1\"><img decoding=\"async\" src=\"https:\/\/casaderepousonohorto.com.br\/wp-content\/uploads\/2022\/05\/WhatsApp-Image-2022-05-03-at-07.51.23.jpeg\" title=\"WhatsApp Image 2022-05-03 at 07.51.23\" alt=\"WhatsApp Image 2022-05-03 at 07.51.23\" loading=\"lazy\" \/><\/a><\/figure><div class=\"elementor-image-box-content\"><h3 class=\"elementor-image-box-title\"><a href=\"https:\/\/casaderepousonohorto.com.br\/index.php\/aniversariantes-do-mes-de-marco\/\">Aniversariantes do M\u00eas de Mar\u00e7o<\/a><\/h3><\/div><\/div>\t\t\t\t<\/div>\n\t\t\t\t<\/div>\n\t\t\t\t\t<\/div>\n\t\t<\/div>\n\t\t\t\t<div class=\"elementor-column elementor-col-50 elementor-top-column elementor-element elementor-element-61f5cdf\" data-id=\"61f5cdf\" data-element_type=\"column\">\n\t\t\t<div class=\"elementor-widget-wrap elementor-element-populated\">\n\t\t\t\t\t\t<div class=\"elementor-element elementor-element-db67fdc elementor-position-top elementor-widget elementor-widget-image-box\" data-id=\"db67fdc\" data-element_type=\"widget\" data-widget_type=\"image-box.default\">\n\t\t\t\t<div class=\"elementor-widget-container\">\n\t\t\t\t\t<div class=\"elementor-image-box-wrapper\"><figure class=\"elementor-image-box-img\"><a href=\"https:\/\/casaderepousonohorto.com.br\/index.php\/aniversariantes-do-mes-de-abril\/\" tabindex=\"-1\"><img decoding=\"async\" src=\"https:\/\/casaderepousonohorto.com.br\/wp-content\/uploads\/2022\/05\/WhatsApp-Image-2022-05-03-at-07.43.47.jpeg\" title=\"WhatsApp Image 2022-05-03 at 07.43.47\" alt=\"WhatsApp Image 2022-05-03 at 07.43.47\" loading=\"lazy\" \/><\/a><\/figure><div class=\"elementor-image-box-content\"><h3 class=\"elementor-image-box-title\"><a href=\"https:\/\/casaderepousonohorto.com.br\/index.php\/aniversariantes-do-mes-de-abril\/\">Aniversariantes do M\u00eas de Abril<\/a><\/h3><\/div><\/div>\t\t\t\t<\/div>\n\t\t\t\t<\/div>\n\t\t\t\t\t<\/div>\n\t\t<\/div>\n\t\t\t\t\t<\/div>\n\t\t<\/section>\n\t\t\t\t<section class=\"elementor-section elementor-top-section elementor-element elementor-element-3a89d70 elementor-section-boxed elementor-section-height-default elementor-section-height-default wpr-particle-no wpr-jarallax-no wpr-parallax-no wpr-sticky-section-no\" data-id=\"3a89d70\" data-element_type=\"section\">\n\t\t\t\t\t\t<div class=\"elementor-container elementor-column-gap-default\">\n\t\t\t\t\t<div class=\"elementor-column elementor-col-50 elementor-top-column elementor-element elementor-element-8125165\" data-id=\"8125165\" data-element_type=\"column\">\n\t\t\t<div class=\"elementor-widget-wrap elementor-element-populated\">\n\t\t\t\t\t\t<div class=\"elementor-element elementor-element-154c6b5 elementor-position-top elementor-widget elementor-widget-image-box\" data-id=\"154c6b5\" data-element_type=\"widget\" data-widget_type=\"image-box.default\">\n\t\t\t\t<div class=\"elementor-widget-container\">\n\t\t\t\t\t<div class=\"elementor-image-box-wrapper\"><figure class=\"elementor-image-box-img\"><a href=\"https:\/\/casaderepousonohorto.com.br\/index.php\/festa-aniversariantes-de-junho\/\" tabindex=\"-1\"><img decoding=\"async\" src=\"https:\/\/casaderepousonohorto.com.br\/wp-content\/uploads\/2022\/07\/WhatsApp-Image-2022-07-12-at-07.55.28.jpeg\" title=\"WhatsApp Image 2022-07-12 at 07.55.28\" alt=\"WhatsApp Image 2022-07-12 at 07.55.28\" loading=\"lazy\" \/><\/a><\/figure><div class=\"elementor-image-box-content\"><h3 class=\"elementor-image-box-title\"><a href=\"https:\/\/casaderepousonohorto.com.br\/index.php\/festa-aniversariantes-de-junho\/\">Aniversariantes do M\u00eas de Junho<\/a><\/h3><\/div><\/div>\t\t\t\t<\/div>\n\t\t\t\t<\/div>\n\t\t\t\t\t<\/div>\n\t\t<\/div>\n\t\t\t\t<div class=\"elementor-column elementor-col-50 elementor-top-column elementor-element elementor-element-a680e66\" data-id=\"a680e66\" data-element_type=\"column\">\n\t\t\t<div class=\"elementor-widget-wrap elementor-element-populated\">\n\t\t\t\t\t\t<div class=\"elementor-element elementor-element-e4ac06d elementor-position-top elementor-widget elementor-widget-image-box\" data-id=\"e4ac06d\" data-element_type=\"widget\" data-widget_type=\"image-box.default\">\n\t\t\t\t<div class=\"elementor-widget-container\">\n\t\t\t\t\t<div class=\"elementor-image-box-wrapper\"><figure class=\"elementor-image-box-img\"><a href=\"https:\/\/casaderepousonohorto.com.br\/index.php\/aniversariantes-do-mes-de-julho\/\" tabindex=\"-1\"><img decoding=\"async\" src=\"https:\/\/casaderepousonohorto.com.br\/wp-content\/uploads\/2022\/08\/WhatsApp-Image-2022-07-31-at-17.42.14.jpeg\" title=\"WhatsApp Image 2022-07-31 at 17.42.14\" alt=\"WhatsApp Image 2022-07-31 at 17.42.14\" loading=\"lazy\" \/><\/a><\/figure><div class=\"elementor-image-box-content\"><h3 class=\"elementor-image-box-title\"><a href=\"https:\/\/casaderepousonohorto.com.br\/index.php\/aniversariantes-do-mes-de-julho\/\">Aniversariantes do M\u00eas de Julho<\/a><\/h3><\/div><\/div>\t\t\t\t<\/div>\n\t\t\t\t<\/div>\n\t\t\t\t\t<\/div>\n\t\t<\/div>\n\t\t\t\t\t<\/div>\n\t\t<\/section>\n\t\t\t\t<section class=\"elementor-section elementor-top-section elementor-element elementor-element-dd93c70 elementor-section-boxed elementor-section-height-default elementor-section-height-default wpr-particle-no wpr-jarallax-no wpr-parallax-no wpr-sticky-section-no\" data-id=\"dd93c70\" data-element_type=\"section\">\n\t\t\t\t\t\t<div class=\"elementor-container elementor-column-gap-default\">\n\t\t\t\t\t<div class=\"elementor-column elementor-col-50 elementor-top-column elementor-element elementor-element-cf37ff7\" data-id=\"cf37ff7\" data-element_type=\"column\">\n\t\t\t<div class=\"elementor-widget-wrap elementor-element-populated\">\n\t\t\t\t\t\t<div class=\"elementor-element elementor-element-582d129 elementor-position-top elementor-widget elementor-widget-image-box\" data-id=\"582d129\" data-element_type=\"widget\" data-widget_type=\"image-box.default\">\n\t\t\t\t<div class=\"elementor-widget-container\">\n\t\t\t\t\t<div class=\"elementor-image-box-wrapper\"><figure class=\"elementor-image-box-img\"><a href=\"https:\/\/casaderepousonohorto.com.br\/index.php\/aniversariantes-do-mes-de-setembro\/\" tabindex=\"-1\"><img decoding=\"async\" src=\"https:\/\/casaderepousonohorto.com.br\/wp-content\/uploads\/2022\/10\/WhatsApp-Image-2022-10-03-at-06.35.56.jpeg\" title=\"WhatsApp Image 2022-10-03 at 06.35.56\" alt=\"WhatsApp Image 2022-10-03 at 06.35.56\" loading=\"lazy\" \/><\/a><\/figure><div class=\"elementor-image-box-content\"><h3 class=\"elementor-image-box-title\"><a href=\"https:\/\/casaderepousonohorto.com.br\/index.php\/aniversariantes-do-mes-de-setembro\/\">Aniversariantes do M\u00eas de Setembro<\/a><\/h3><\/div><\/div>\t\t\t\t<\/div>\n\t\t\t\t<\/div>\n\t\t\t\t\t<\/div>\n\t\t<\/div>\n\t\t\t\t<div class=\"elementor-column elementor-col-50 elementor-top-column elementor-element elementor-element-2be99f7\" data-id=\"2be99f7\" data-element_type=\"column\">\n\t\t\t<div class=\"elementor-widget-wrap\">\n\t\t\t\t\t\t\t<\/div>\n\t\t<\/div>\n\t\t\t\t\t<\/div>\n\t\t<\/section>\n\t\t\t\t<\/div>\n\t\t","protected":false},"excerpt":{"rendered":"<p>Aniversariantes de 2022 Aniversariantes do M\u00eas de Janeiro Aniversariantes do M\u00eas de Fevereiro Aniversariantes do M\u00eas de Mar\u00e7o Aniversariantes do M\u00eas de Abril Aniversariantes do M\u00eas de Junho Aniversariantes do M\u00eas de Julho Aniversariantes do M\u00eas de Setembro<\/p>\n","protected":false},"author":1,"featured_media":0,"parent":0,"menu_order":0,"comment_status":"closed","ping_status":"closed","template":"elementor_header_footer","meta":{"_joinchat":[],"footnotes":""},"class_list":["post-892","page","type-page","status-publish","hentry"],"_links":{"self":[{"href":"https:\/\/casaderepousonohorto.com.br\/index.php\/wp-json\/wp\/v2\/pages\/892","targetHints":{"allow":["GET"]}}],"collection":[{"href":"https:\/\/casaderepousonohorto.com.br\/index.php\/wp-json\/wp\/v2\/pages"}],"about":[{"href":"https:\/\/casaderepousonohorto.com.br\/index.php\/wp-json\/wp\/v2\/types\/page"}],"author":[{"embeddable":true,"href":"https:\/\/casaderepousonohorto.com.br\/index.php\/wp-json\/wp\/v2\/users\/1"}],"replies":[{"embeddable":true,"href":"https:\/\/casaderepousonohorto.com.br\/index.php\/wp-json\/wp\/v2\/comments?post=892"}],"version-history":[{"count":6,"href":"https:\/\/casaderepousonohorto.com.br\/index.php\/wp-json\/wp\/v2\/pages\/892\/revisions"}],"predecessor-version":[{"id":1695,"href":"https:\/\/casaderepousonohorto.com.br\/index.php\/wp-json\/wp\/v2\/pages\/892\/revisions\/1695"}],"wp:attachment":[{"href":"https:\/\/casaderepousonohorto.com.br\/index.php\/wp-json\/wp\/v2\/media?parent=892"}],"curies":[{"name":"wp","href":"https:\/\/api.w.org\/{rel}","templated":true}]}}